{"id":427,"date":"2019-12-04T22:42:42","date_gmt":"2019-12-04T20:42:42","guid":{"rendered":"http:\/\/localhost\/cpsantceloni\/?page_id=427"},"modified":"2021-09-22T21:10:23","modified_gmt":"2021-09-22T20:10:23","slug":"avis-legal","status":"publish","type":"page","link":"https:\/\/www.cpsantceloni.cat\/index.php\/avis-legal\/","title":{"rendered":"Av\u00eds legal"},"content":{"rendered":"\t\t<div data-elementor-type=\"wp-page\" data-elementor-id=\"427\" class=\"elementor elementor-427\">\n\t\t\t\t\t\t<section class=\"elementor-section elementor-top-section elementor-element elementor-element-1ccae45c elementor-section-boxed elementor-section-height-default elementor-section-height-default\" data-id=\"1ccae45c\" data-element_type=\"section\">\n\t\t\t\t\t\t<div class=\"elementor-container elementor-column-gap-default\">\n\t\t\t\t\t<div class=\"elementor-column elementor-col-100 elementor-top-column elementor-element elementor-element-4f72465b\" data-id=\"4f72465b\" data-element_type=\"column\">\n\t\t\t<div class=\"elementor-widget-wrap elementor-element-populated\">\n\t\t\t\t\t\t<div class=\"elementor-element elementor-element-4bf1d5a5 elementor-widget elementor-widget-text-editor\" data-id=\"4bf1d5a5\" data-element_type=\"widget\" data-widget_type=\"text-editor.default\">\n\t\t\t\t<div class=\"elementor-widget-container\">\n\t\t\t\t\t\t\t<h3>Responsabilitat de continguts i ofertes comercials<\/h3><p>El<strong><em> Club Pat\u00ed Sant Celoni<\/em><\/strong> (d&#8217;ara en endavant: CSPC), amb CIF: G59731976, i domicili social al Passeig dels Esports s\/n, 08470-Sant Celoni (Barcelona), actua com a titular i gestor de continguts del present lloc Web.\u00a0<\/p><p>La activitat comercial, publicit\u00e0ria, mercantil, administrativa o de contractaci\u00f3 de productes i\/o serveis, \u00e9s responsabilitat de la entitat esmentada, propiet\u00e0ria d\u2019aquest domini atenent per a q\u00fcestions comercials i administratives a la seg\u00fcent adre\u00e7a: Passeig dels Esports s\/n, 08470-Sant Celoni (Barcelona).<\/p><h3>\u00a0<\/h3><h3>Concepte d\u2019usuari<\/h3><p>La utilitzaci\u00f3 de la Web atribueix la condici\u00f3 d\u2019Usuaris i implica la acceptaci\u00f3 plena i sense reserves de totes i cadascuna de les disposicions incloses en aquest <em>Av\u00eds Legal<\/em> en la versi\u00f3 publicada pel <strong><em>CPSC<\/em><\/strong>, en el mateix moment en que l\u2019Usuari accedeix a la Web. En conseq\u00fc\u00e8ncia, l\u2019Usuari ha de llegir atentament el present <em>Av\u00eds Legal<\/em> en cadascuna de les ocasions que en que proposi utilitzar la Web, ja que pot haver-hi modificacions.<\/p><h3>\u00a0<\/h3><h3>Informaci\u00f3 sobre els vincles (links)<\/h3><p>El<strong><em> CPSC<\/em><\/strong>\u00a0no es fa responsable de les Webs no pr\u00f2pies a les que es pugui accedir mitjan\u00e7ant vincles \u201clinks\u201d o de qualsevol contingut posats a disposici\u00f3 per tercers.<\/p><p>Qualsevol \u00fas d\u2019un vincle o acc\u00e9s a una Web no pr\u00f2pia \u00e9s realitza per voluntat i risc exclusiu de l\u2019Usuari i el\u00a0<strong><em>CPSC<\/em><\/strong>\u00a0no recomana ni garanteix cap informaci\u00f3 recollida a trav\u00e9s d\u2019un vincle ali\u00e8 a la Web del\u00a0<strong><em>CPSC<\/em><\/strong> ni es responsabilitza de cap p\u00e8rdua, reclamaci\u00f3 o perjudici derivat de l\u2019\u00fas o mal \u00fas d\u2019un vincle, o de la informaci\u00f3 obtinguda a trav\u00e9s d\u2019ell, incloent altres vincles o webs, de la interrupci\u00f3 en el servei o en l\u2019acc\u00e9s o de l\u2019intent d\u2019utilitzar o fer un mal \u00fas d\u2019un vincle, tant al connectar a la Web del\u00a0<strong><em>CPSC<\/em><\/strong>\u00a0com al accedir a la informaci\u00f3 d\u2019altres webs des de la Web del <strong><em>CPSC.<\/em><\/strong><\/p><h3>\u00a0<\/h3><h3>Renuncia limitaci\u00f3 de la responsabilitat<\/h3><p>La informaci\u00f3 i serveis inclosos o disponibles a trav\u00e9s de les p\u00e0gines Web poden incloure incorreccions o errors tipogr\u00e0fics. De forma peri\u00f2dica, s\u2019incorporen canvis a la informaci\u00f3 continguda.\u00a0<strong><em>CPSC<\/em><\/strong>\u00a0pot introduir en qualsevol moment millores i\/o canvis en els serveis o continguts.<\/p><p><strong><em>CPSC<\/em><\/strong> ha obtingut la informaci\u00f3 i els materials inclosos en la Web de fonts considerades com a fiables, per\u00f2, si b\u00e9 s\u2019ha pres les mesures corresponents per assegurar que la informaci\u00f3 continguda sigui correcta, no pot garantir que sigui exacta i actualitzada.<\/p><p>Tamb\u00e9 s\u2019adverteix que els continguts d\u2019aquesta Web, tenen dues finalitats, una finalitat informativa en quan a la qualitat, situaci\u00f3, serveis i tarifes i una altre de venda de productes segons el previst en el present Av\u00eds Legal i la resta de textos legals de la present Web.<\/p><h3>\u00a0<\/h3><h3>Informaci\u00f3 sobre la exempci\u00f3 de tota la responsabilitat derivada d\u2019una errada t\u00e8cnica i de contingut<\/h3><p><strong><em>CPSC<\/em><\/strong> declina qualsevol responsabilitat en cas de que existeixin interrupcions o un mal funcionament dels serveis o continguts oferts a Internet, qualsevol que sigui la causa. Aix\u00ed mateix,<strong>\u00a0<em>CPSC<\/em><\/strong> no es fa responsable per caigudes de la xarxa, p\u00e8rdues de negoci a conseq\u00fc\u00e8ncia d\u2019aquestes caigudes, suspensions temporals del flu\u00eft el\u00e8ctric o qualsevol altre tipus.\u00a0<strong><em>CPSC<\/em><\/strong> no declara ni garanteix que els serveis o continguts no siguin interromputs o que estiguin lliures d\u2019errors, que els defectes siguin corregits, o que el servei o el servidor que el posa a disposici\u00f3 estigui lliure de virus o altres components nocius, sense perjudici de que el\u00a0<strong><em>CPSC<\/em><\/strong> realitza els m\u00e0xims esfor\u00e7os per tal d\u2019evitar aquests tipus d\u2019incidents. En cas de que l\u2019Usuari prengui determinades decisions o realitzi accions en base a la informaci\u00f3 incloses en qualsevol dels llocs Web, es recomana la comprovaci\u00f3 de la informaci\u00f3 rebuda per altres fonts.<\/p><h3>\u00a0<\/h3><h3>Propietat industrial i intel\u00b7lectual<\/h3><p>Els continguts prestats per\u00a0<strong><em>CPSC<\/em><\/strong> aix\u00ed com els continguts inclosos a la xarxa a trav\u00e9s de les seves p\u00e0gines Web, constitueix una obra en el sentit de la legislaci\u00f3 sobre propietat intel\u00b7lectual per la qual cosa es troben protegits per les lleis i convenis internacionals aplicables en la mat\u00e8ria.<\/p><p>Queda prohibit qualsevol forma de reproducci\u00f3, distribuci\u00f3, comunicaci\u00f3 p\u00fablica, transformaci\u00f3, posta a disposici\u00f3 i, en general, qualsevol altre acte d\u2019explotaci\u00f3 p\u00fablica referit tant a les p\u00e0gines Web com als seus continguts i informaci\u00f3, sense el expr\u00e9s i previ consentiment i per escrit del\u00a0<strong><em>CPSC<\/em><\/strong>.<\/p><p>En conseq\u00fc\u00e8ncia, tots els continguts que es mostrin en els diferents llocs Web i en especial, dissenys, imatges, textos, gr\u00e0fics, logos, icones, botons, software, noms comercials, marques, dibuixos industrials o qualsevol altre signe susceptible de utilitzaci\u00f3 industrial i comercial estan subjectes a drets de propietat intel\u00b7lectual i industrial del\u00a0<strong><em>CPSC<\/em><\/strong>\u00a0o de tercers titulars dels mateixos que han autoritzat degudament la seva inclusi\u00f3 en el lloc web.<\/p><p>Els continguts, imatges, formes, opinions, \u00edndexs i dem\u00e9s expressions formals que formin part de la p\u00e0gina Web, aix\u00ed com el software necessari pel funcionament i visualitzaci\u00f3 de les mateixes, constitueix aix\u00ed mateix una obra en el sentit del Dret d\u2019Autor i queden, per tant, protegides per les convencions internacionals i legislacions nacionals en mat\u00e8ria de Propietat Intel\u00b7lectual que resulten aplicables. L\u2019incompliment del senyalat, implica la comissi\u00f3 de greus actes il\u00b7l\u00edcits i la seva sanci\u00f3 per la legislaci\u00f3 civil i penal.<\/p><p>Queda prohibit tot acte en virtut del qual els Usuaris dels serveis o continguts puguin explotar o servir comercialment, directa o indirectament, en la seva totalitat o parcialment, de qualsevol dels continguts, imatges, formes, \u00edndexs i dem\u00e9s expressions formals que formin part de les p\u00e0gines Web sense perm\u00eds previ i per escrit del\u00a0<strong><em>CPSC<\/em><\/strong>.<\/p><p>En concret, i sense car\u00e0cter exhaustiu, queden prohibits els actes de reproducci\u00f3, distribuci\u00f3, exhibici\u00f3, transmissi\u00f3, retransmissi\u00f3, emissi\u00f3 en qualsevol forma, emmagatzemament en suports f\u00edsics o l\u00f2gics (per exemple, disquets o disc dur d\u2019ordinadors), digitalitzaci\u00f3 o posta a disposici\u00f3 des de bases de dades diferents de les pertanyents a les autoritzades per\u00a0<strong><em>CPSC<\/em><\/strong>, aix\u00ed com la seva traducci\u00f3, adaptaci\u00f3, o qualsevol altre transformaci\u00f3 d\u2019aquestes opinions, imatges, formes, vincles, i dem\u00e9s expressions formals que es posin a disposici\u00f3 dels Usuaris a trav\u00e9s dels serveis o continguts, tenint en compte que aquests actes estan sotmesos a la legislaci\u00f3 aplicable en mat\u00e8ria de Propietat Intel\u00b7lectual, industrial o de protecci\u00f3 de la imatge.<\/p><p><strong><em>CPSC<\/em><\/strong> \u00e9s lliure\u00a0 de limitar l\u2019acc\u00e9s a les p\u00e0gines Web, i als productes i\/o serveis en aquesta oferts, aix\u00ed com la conseg\u00fcent publicaci\u00f3 de les opinions, observacions, imatges o comentaris que els Usuaris puguin fer-li arribar a trav\u00e9s del correu electr\u00f2nic.<\/p><p><strong><em>CPSC<\/em><\/strong> en aquest sentit, podr\u00e0 establir, si ho considera oport\u00fa, sense perjudici de \u00fanica i exclusiva responsabilitat dels Usuaris, els filtres necessaris a fi d\u2019evitar que a trav\u00e9s de les seves p\u00e0gines Web es puguin incloure a la xarxa continguts u opinions, considerades com a racistes, xen\u00f2fobes, discriminat\u00f2ries, pornogr\u00e0fiques, difamat\u00f2ries que, de qualsevol mode, fomentin la viol\u00e8ncia o la disseminaci\u00f3 de continguts clarament il\u00b7l\u00edcits o nocius.<\/p><p>Aquells Usuaris que envi\u00efn a la p\u00e0gina Web del\u00a0<strong><em>CPSC<\/em><\/strong>, al seu departament de sugger\u00e8ncies, observacions, opinions o comentaris per mitj\u00e0 del servei de correu electr\u00f2nic, menys en els casos que expressin de manera certa el contrari, en els casos en els que per la naturalesa dels serveis o continguts aix\u00f2 sigui possible, s\u2019ent\u00e9n que autoritzen al\u00a0<strong><em>CPSC<\/em><\/strong> per la reproducci\u00f3, distribuci\u00f3, exhibici\u00f3, transmissi\u00f3, retransmissi\u00f3, emissi\u00f3 en qualsevol format, emmagatzemament en suports f\u00edsics o l\u00f2gics (per exemple, disquets o disc dur de ordinadors), digitalitzaci\u00f3, posta a disposici\u00f3 des de bases de dades pertanyents al\u00a0<strong><em>CPSC<\/em><\/strong>, traducci\u00f3, adaptaci\u00f3, o qualsevol altre transformaci\u00f3 de tals observacions, opinions o comentaris, per tot el temps de protecci\u00f3 de dret d\u2019autor que estigui previst legalment.<\/p><p>Aix\u00ed mateix, s\u2019ent\u00e9n que aquesta autoritzaci\u00f3 es fa a t\u00edtol gratu\u00eft, i que pel sol fet d\u2019enviar per correu electr\u00f2nic tals observacions, opinions o comentaris, els Usuaris declinen qualsevol pretensi\u00f3 remunerat\u00f2ria per part del\u00a0<strong><em>CPSC<\/em><\/strong>.<\/p><p>D\u2019acord amb el senyalat en el par\u00e0graf anterior, el\u00a0<strong><em>CPSC<\/em><\/strong> queda autoritzat igualment per procedir a la modificaci\u00f3 o alteraci\u00f3 d\u2019aquestes observacions, opinions o comentaris, a fi d\u2019adaptar-los a les necessitats de format editorial de la p\u00e0gina Web, sense que per aix\u00f2 pugui entendres que existeix en absolut qualsevol tipus de lesi\u00f3 de qualsevol de les facultats morals de dret d\u2019autor que els Usuaris puguin ostentar sobre aquelles.<\/p><p>Queden prohibits qualsevol dels recursos t\u00e8cnics, l\u00f2gics o tecnol\u00f2gics en virtut dels quals un tercer pot beneficiar-se, directa o indirectament, amb o sense \u00e0nim de lucre, de tots i cadascun dels continguts, formes, \u00edndexs i dem\u00e9s expressions formals que formin part de la p\u00e0gina Web, o de l\u2019esfor\u00e7 dut a terme pel\u00a0<strong><em>CPSC<\/em><\/strong> pel seu funcionament.<\/p><p>En cas concret, queda prohibit tot link, hyperlink, framing o vincle similar que pugui establir-se en direcci\u00f3 a la p\u00e0gina Web del\u00a0<strong><em>CPSC<\/em><\/strong>, sense el consentiment previ, expr\u00e9s i per escrit del\u00a0<strong><em>CPSC<\/em><\/strong>. Qualsevol transgressi\u00f3 del previst en aquest punt, ser\u00e0 considerat com a lesi\u00f3 dels leg\u00edtims drets de Propietat Intel\u00b7lectual del\u00a0<strong><em>CPSC<\/em><\/strong> sobre la p\u00e0gina Web i tots els seus continguts.<\/p><p><strong><em>CPSC<\/em><\/strong> no assumir\u00e0 cap responsabilitat davant conseq\u00fc\u00e8ncies derivades de les conductes i actuacions abans esmentades, de la mateixa manera que no assumir\u00e0 cap responsabilitat pels continguts, serveis, productes, etc. de tercers als que es pugui accedir directament o a trav\u00e9s de banners, enlla\u00e7os, links, hyperlinks, framing o vincles similars des del lloc Web del\u00a0<strong><em>CPSC<\/em><\/strong>.<\/p>\t\t\t\t\t\t<\/div>\n\t\t\t\t<\/div>\n\t\t\t\t\t<\/div>\n\t\t<\/div>\n\t\t\t\t\t<\/div>\n\t\t<\/section>\n\t\t\t\t<\/div>\n\t\t","protected":false},"excerpt":{"rendered":"<p>Responsabilitat de continguts i ofertes comercials El Club Pat\u00ed Sant Celoni (d&#8217;ara en endavant: CSPC), amb CIF: G59731976, i domicili social al Passeig dels Esports s\/n, 08470-Sant Celoni (Barcelona), actua com a titular i gestor de continguts del present lloc Web.\u00a0 La activitat comercial, publicit\u00e0ria, mercantil, administrativa o de contractaci\u00f3 de productes i\/o serveis, \u00e9s [&hellip;]<\/p>\n","protected":false},"author":1,"featured_media":0,"parent":0,"menu_order":0,"comment_status":"closed","ping_status":"closed","template":"","meta":{"ocean_post_layout":"","ocean_both_sidebars_style":"","ocean_both_sidebars_content_width":0,"ocean_both_sidebars_sidebars_width":0,"ocean_sidebar":"0","ocean_second_sidebar":"0","ocean_disable_margins":"enable","ocean_add_body_class":"","ocean_shortcode_before_top_bar":"","ocean_shortcode_after_top_bar":"","ocean_shortcode_before_header":"","ocean_shortcode_after_header":"","ocean_has_shortcode":"","ocean_shortcode_after_title":"","ocean_shortcode_before_footer_widgets":"","ocean_shortcode_after_footer_widgets":"","ocean_shortcode_before_footer_bottom":"","ocean_shortcode_after_footer_bottom":"","ocean_display_top_bar":"default","ocean_display_header":"default","ocean_header_style":"","ocean_center_header_left_menu":"0","ocean_custom_header_template":"0","ocean_custom_logo":0,"ocean_custom_retina_logo":0,"ocean_custom_logo_max_width":0,"ocean_custom_logo_tablet_max_width":0,"ocean_custom_logo_mobile_max_width":0,"ocean_custom_logo_max_height":0,"ocean_custom_logo_tablet_max_height":0,"ocean_custom_logo_mobile_max_height":0,"ocean_header_custom_menu":"0","ocean_menu_typo_font_family":"0","ocean_menu_typo_font_subset":"","ocean_menu_typo_font_size":0,"ocean_menu_typo_font_size_tablet":0,"ocean_menu_typo_font_size_mobile":0,"ocean_menu_typo_font_size_unit":"px","ocean_menu_typo_font_weight":"","ocean_menu_typo_font_weight_tablet":"","ocean_menu_typo_font_weight_mobile":"","ocean_menu_typo_transform":"","ocean_menu_typo_transform_tablet":"","ocean_menu_typo_transform_mobile":"","ocean_menu_typo_line_height":0,"ocean_menu_typo_line_height_tablet":0,"ocean_menu_typo_line_height_mobile":0,"ocean_menu_typo_line_height_unit":"","ocean_menu_typo_spacing":0,"ocean_menu_typo_spacing_tablet":0,"ocean_menu_typo_spacing_mobile":0,"ocean_menu_typo_spacing_unit":"","ocean_menu_link_color":"","ocean_menu_link_color_hover":"","ocean_menu_link_color_active":"","ocean_menu_link_background":"","ocean_menu_link_hover_background":"","ocean_menu_link_active_background":"","ocean_menu_social_links_bg":"","ocean_menu_social_hover_links_bg":"","ocean_menu_social_links_color":"","ocean_menu_social_hover_links_color":"","ocean_disable_title":"default","ocean_disable_heading":"default","ocean_post_title":"","ocean_post_subheading":"","ocean_post_title_style":"","ocean_post_title_background_color":"","ocean_post_title_background":0,"ocean_post_title_bg_image_position":"","ocean_post_title_bg_image_attachment":"","ocean_post_title_bg_image_repeat":"","ocean_post_title_bg_image_size":"","ocean_post_title_height":0,"ocean_post_title_bg_overlay":0.5,"ocean_post_title_bg_overlay_color":"","ocean_disable_breadcrumbs":"default","ocean_breadcrumbs_color":"","ocean_breadcrumbs_separator_color":"","ocean_breadcrumbs_links_color":"","ocean_breadcrumbs_links_hover_color":"","ocean_display_footer_widgets":"default","ocean_display_footer_bottom":"default","ocean_custom_footer_template":"0","footnotes":""},"jetpack_sharing_enabled":true,"_links":{"self":[{"href":"https:\/\/www.cpsantceloni.cat\/index.php\/wp-json\/wp\/v2\/pages\/427"}],"collection":[{"href":"https:\/\/www.cpsantceloni.cat\/index.php\/wp-json\/wp\/v2\/pages"}],"about":[{"href":"https:\/\/www.cpsantceloni.cat\/index.php\/wp-json\/wp\/v2\/types\/page"}],"author":[{"embeddable":true,"href":"https:\/\/www.cpsantceloni.cat\/index.php\/wp-json\/wp\/v2\/users\/1"}],"replies":[{"embeddable":true,"href":"https:\/\/www.cpsantceloni.cat\/index.php\/wp-json\/wp\/v2\/comments?post=427"}],"version-history":[{"count":19,"href":"https:\/\/www.cpsantceloni.cat\/index.php\/wp-json\/wp\/v2\/pages\/427\/revisions"}],"predecessor-version":[{"id":2964,"href":"https:\/\/www.cpsantceloni.cat\/index.php\/wp-json\/wp\/v2\/pages\/427\/revisions\/2964"}],"wp:attachment":[{"href":"https:\/\/www.cpsantceloni.cat\/index.php\/wp-json\/wp\/v2\/media?parent=427"}],"curies":[{"name":"wp","href":"https:\/\/api.w.org\/{rel}","templated":true}]}}